{"id":443,"date":"2018-05-29T09:01:45","date_gmt":"2018-05-29T07:01:45","guid":{"rendered":"http:\/\/www.agro-vet.hr\/nase-lokacije\/"},"modified":"2018-11-09T08:58:28","modified_gmt":"2018-11-09T07:58:28","slug":"nase-lokacije","status":"publish","type":"page","link":"https:\/\/www.agro-vet.hr\/tr\/nase-lokacije\/","title":{"rendered":"Yerlerimiz"},"content":{"rendered":"<div class=\"wpb-content-wrapper\"><p>[vc_row el_class=&#8221;center&#8221;][vc_column width=&#8221;1\/3&#8243;]<div id=\"ultimate-heading-780269df2e6e63871\" class=\"uvc-heading ult-adjust-bottom-margin ultimate-heading-780269df2e6e63871 uvc-8203  uvc-heading-default-font-sizes\" data-hspacer=\"no_spacer\"  data-halign=\"left\" style=\"text-align:left\"><div class=\"uvc-heading-spacer no_spacer\" style=\"top\"><\/div><div class=\"uvc-main-heading ult-responsive\"  data-ultimate-target='.uvc-heading.ultimate-heading-780269df2e6e63871 h1'  data-responsive-json-new='{\"font-size\":\"\",\"line-height\":\"\"}' ><h1 style=\"--font-weight:theme;margin-bottom:20px;\">Yerlerimiz<\/h1><\/div><\/div>[vc_column_text]<\/p>\n<h4 style=\"color: #b01016;\"><strong>hayvanc\u0131l\u0131k i\u00e7in Mach yem (HACCP)<\/strong><\/h4>\n<p>Gu\u0161\u010derovec bb,<br \/>\n48267 St. Orehovec[\/vc_column_text][vc_column_text css=&#8221;.vc_custom_1529280932900{padding-top: 20px !important;}&#8221;]<\/p>\n<h4 style=\"color: #b01016;\"><strong>S\u0131\u011f\u0131rlar i\u00e7in \u00e7iftlikler Gu\u0161\u010derovec besi<\/strong><\/h4>\n<p>Gu\u0161\u010derovec bb,<br \/>\n48267 St. Orehovec[\/vc_column_text][vc_column_text]<\/p>\n<h4 style=\"color: #b01016;\"><strong>Fere\u017eani besi s\u0131\u011f\u0131r \u00e7iftlik<\/strong><\/h4>\n<p>Fere\u017eani 55,<br \/>\n48265 Raven[\/vc_column_text][\/vc_column][vc_column width=&#8221;1\/3&#8243;][vc_column_text css=&#8221;.vc_custom_1529280947499{padding-top: 54px !important;}&#8221;]<\/p>\n<h4 style=\"color: #b01016;\"><strong>Stanci besi s\u0131\u011f\u0131r \u00e7iftlik<\/strong><\/h4>\n<p>Mile Wood bb,<br \/>\n44250 Petrinja[\/vc_column_text][vc_column_text]<\/p>\n<h4 style=\"color: #b01016;\"><strong>Ljubljanica besi s\u0131\u011f\u0131r \u00e7iftlik<\/strong><\/h4>\n<p>Ljubljanica bb, \u017dir\u010dica,<br \/>\n44000 Sisak[\/vc_column_text][\/vc_column][vc_column width=&#8221;1\/3&#8243;][vc_gmaps link=&#8221;#E-8_JTNDaWZyYW1lJTIwc3JjJTNEJTIyaHR0cHMlM0ElMkYlMkZ3d3cuZ29vZ2xlLmNvbSUyRm1hcHMlMkZkJTJGZW1iZWQlM0ZtaWQlM0QxdzREWlNVMkFPbTVsOVphX3RsYVN0QlB4ZUgzSVA2RDQlMjIlMjB3aWR0aCUzRCUyMjY0MCUyMiUyMGhlaWdodCUzRCUyMjQ4MCUyMiUzRSUzQyUyRmlmcmFtZSUzRQ==&#8221;][\/vc_column][\/vc_row]<\/p>\n<\/div>","protected":false},"excerpt":{"rendered":"<p>[vc_row el_class=&#8221;center&#8221;][vc_column width=&#8221;1\/3&#8243;][vc_column_text] hayvanc\u0131l\u0131k i\u00e7in Mach yem (HACCP) Gu\u0161\u010derovec bb, 48267 St. Orehovec[\/vc_column_text][vc_column_text css=&#8221;.vc_custom_1529280932900{padding-top: 20px !important;}&#8221;] S\u0131\u011f\u0131rlar i\u00e7in \u00e7iftlikler Gu\u0161\u010derovec besi Gu\u0161\u010derovec bb, 48267 St. Orehovec[\/vc_column_text][vc_column_text] Fere\u017eani besi s\u0131\u011f\u0131r \u00e7iftlik Fere\u017eani 55, 48265 Raven[\/vc_column_text][\/vc_column][vc_column width=&#8221;1\/3&#8243;][vc_column_text css=&#8221;.vc_custom_1529280947499{padding-top: 54px !important;}&#8221;] Stanci besi s\u0131\u011f\u0131r \u00e7iftlik Mile Wood bb, 44250 Petrinja[\/vc_column_text][vc_column_text] Ljubljanica besi s\u0131\u011f\u0131r \u00e7iftlik Ljubljanica bb, \u017dir\u010dica, 44000&hellip;<\/p>\n","protected":false},"author":1,"featured_media":0,"parent":0,"menu_order":0,"comment_status":"closed","ping_status":"closed","template":"","meta":{"ngg_post_thumbnail":0,"footnotes":""},"class_list":["post-443","page","type-page","status-publish","hentry","description-off"],"_links":{"self":[{"href":"https:\/\/www.agro-vet.hr\/tr\/wp-json\/wp\/v2\/pages\/443","targetHints":{"allow":["GET"]}}],"collection":[{"href":"https:\/\/www.agro-vet.hr\/tr\/wp-json\/wp\/v2\/pages"}],"about":[{"href":"https:\/\/www.agro-vet.hr\/tr\/wp-json\/wp\/v2\/types\/page"}],"author":[{"embeddable":true,"href":"https:\/\/www.agro-vet.hr\/tr\/wp-json\/wp\/v2\/users\/1"}],"replies":[{"embeddable":true,"href":"https:\/\/www.agro-vet.hr\/tr\/wp-json\/wp\/v2\/comments?post=443"}],"version-history":[{"count":2,"href":"https:\/\/www.agro-vet.hr\/tr\/wp-json\/wp\/v2\/pages\/443\/revisions"}],"predecessor-version":[{"id":445,"href":"https:\/\/www.agro-vet.hr\/tr\/wp-json\/wp\/v2\/pages\/443\/revisions\/445"}],"wp:attachment":[{"href":"https:\/\/www.agro-vet.hr\/tr\/wp-json\/wp\/v2\/media?parent=443"}],"curies":[{"name":"wp","href":"https:\/\/api.w.org\/{rel}","templated":true}]}}