{"id":436,"date":"2018-05-29T08:56:33","date_gmt":"2018-05-29T06:56:33","guid":{"rendered":"http:\/\/www.agro-vet.hr\/ponuda\/"},"modified":"2018-11-09T08:58:05","modified_gmt":"2018-11-09T07:58:05","slug":"ponuda","status":"publish","type":"page","link":"https:\/\/www.agro-vet.hr\/tr\/ponuda\/","title":{"rendered":"Teklif"},"content":{"rendered":"<div class=\"wpb-content-wrapper\"><p>[vc_row content_placement=&#8221;middle&#8221; el_class=&#8221;center&#8221;][vc_column]<div id=\"ultimate-heading-916969f4bb52c74c4\" class=\"uvc-heading ult-adjust-bottom-margin ultimate-heading-916969f4bb52c74c4 uvc-935  uvc-heading-default-font-sizes\" data-hspacer=\"no_spacer\"  data-halign=\"left\" style=\"text-align:left\"><div class=\"uvc-heading-spacer no_spacer\" style=\"top\"><\/div><div class=\"uvc-main-heading ult-responsive\"  data-ultimate-target='.uvc-heading.ultimate-heading-916969f4bb52c74c4 h1'  data-responsive-json-new='{\"font-size\":\"\",\"line-height\":\"\"}' ><h1 style=\"--font-weight:theme;margin-bottom:20px;\">Teklif<\/h1><\/div><div class=\"uvc-sub-heading ult-responsive\"  data-ultimate-target='.uvc-heading.ultimate-heading-916969f4bb52c74c4 .uvc-sub-heading '  data-responsive-json-new='{\"font-size\":\"\",\"line-height\":\"\"}'  style=\"font-weight:normal;\">\u0130\u00e7erik \u015fu anda d\u00fczenleniyor!<\/div><\/div>[vc_basic_grid post_type=&#8221;ponude&#8221; max_items=&#8221;10&#8243; item=&#8221;293&#8243; grid_id=&#8221;vc_gid:1529333912455-b4329ec7-b9f8-5&#8243;][\/vc_column][\/vc_row]<\/p>\n<\/div>","protected":false},"excerpt":{"rendered":"<p>[vc_row content_placement=&#8221;middle&#8221; el_class=&#8221;center&#8221;][vc_column][vc_basic_grid post_type=&#8221;ponude&#8221; max_items=&#8221;10&#8243; item=&#8221;293&#8243; grid_id=&#8221;vc_gid:1529333912455-b4329ec7-b9f8-5&#8243;][\/vc_column][\/vc_row]<\/p>\n","protected":false},"author":1,"featured_media":0,"parent":0,"menu_order":0,"comment_status":"closed","ping_status":"closed","template":"","meta":{"ngg_post_thumbnail":0,"footnotes":""},"class_list":["post-436","page","type-page","status-publish","hentry","description-off"],"_links":{"self":[{"href":"https:\/\/www.agro-vet.hr\/tr\/wp-json\/wp\/v2\/pages\/436","targetHints":{"allow":["GET"]}}],"collection":[{"href":"https:\/\/www.agro-vet.hr\/tr\/wp-json\/wp\/v2\/pages"}],"about":[{"href":"https:\/\/www.agro-vet.hr\/tr\/wp-json\/wp\/v2\/types\/page"}],"author":[{"embeddable":true,"href":"https:\/\/www.agro-vet.hr\/tr\/wp-json\/wp\/v2\/users\/1"}],"replies":[{"embeddable":true,"href":"https:\/\/www.agro-vet.hr\/tr\/wp-json\/wp\/v2\/comments?post=436"}],"version-history":[{"count":3,"href":"https:\/\/www.agro-vet.hr\/tr\/wp-json\/wp\/v2\/pages\/436\/revisions"}],"predecessor-version":[{"id":475,"href":"https:\/\/www.agro-vet.hr\/tr\/wp-json\/wp\/v2\/pages\/436\/revisions\/475"}],"wp:attachment":[{"href":"https:\/\/www.agro-vet.hr\/tr\/wp-json\/wp\/v2\/media?parent=436"}],"curies":[{"name":"wp","href":"https:\/\/api.w.org\/{rel}","templated":true}]}}