{"id":433,"date":"2018-05-29T08:55:33","date_gmt":"2018-05-29T06:55:33","guid":{"rendered":"http:\/\/www.agro-vet.hr\/o-nama\/"},"modified":"2018-11-09T08:57:36","modified_gmt":"2018-11-09T07:57:36","slug":"o-nama","status":"publish","type":"page","link":"https:\/\/www.agro-vet.hr\/tr\/o-nama\/","title":{"rendered":"Hakk\u0131m\u0131zda"},"content":{"rendered":"<div class=\"wpb-content-wrapper\"><p>[vc_row content_placement=&#8221;top&#8221; el_class=&#8221;center&#8221;][vc_column width=&#8221;1\/2&#8243;]<div id=\"ultimate-heading-92906a08aa94eaabd\" class=\"uvc-heading ult-adjust-bottom-margin ultimate-heading-92906a08aa94eaabd uvc-4352  uvc-heading-default-font-sizes\" data-hspacer=\"no_spacer\"  data-halign=\"left\" style=\"text-align:left\"><div class=\"uvc-heading-spacer no_spacer\" style=\"top\"><\/div><div class=\"uvc-main-heading ult-responsive\"  data-ultimate-target='.uvc-heading.ultimate-heading-92906a08aa94eaabd h1'  data-responsive-json-new='{\"font-size\":\"\",\"line-height\":\"\"}' ><h1 style=\"--font-weight:theme;margin-bottom:20px;\">Hakk\u0131m\u0131zda<\/h1><\/div><\/div>[vc_column_text]Agro-vet d.o.o. Say\u0131n Mladen Celovec taraf\u0131ndan 1993 y\u0131l\u0131nda kurulmu\u015ftur ve g\u00fcn\u00fcm\u00fczde Darko Celovec ait bir firmad\u0131r. Agro-vet d.o.o. Bug\u00fcn ayr\u0131ca besi, besi s\u0131\u011f\u0131r kesim i\u00e7in s\u0131\u011f\u0131r (600 kg), yan\u0131 s\u0131ra hayvanc\u0131l\u0131k ticareti her t\u00fcrl\u00fc i\u00e7in s\u0131\u011f\u0131r (300 kg) besi, kesim i\u00e7in domuz yeti\u015ftirme. Biz besi ve kesim katliam (Romanya ve \u00c7ek Cumhuriyeti) yan\u0131 s\u0131ra, kuzular i\u00e7in Almanya ve Hollanda&#8217;dan domuz yavrusu, buza\u011f\u0131 satmak.<\/p>\n<p>\u015eirket kendi makine yem (HACCP sistemi), veteriner hizmet ve s\u0131\u011f\u0131r besi i\u00e7in iki \u00e7iftlikleri var. 21 personel ekibimiz \u00e7ok profesyonel ve kararl\u0131 hayvanc\u0131l\u0131k en y\u00fcksek Avrupa standartlar\u0131n\u0131 izler. Son derece \u00f6nemli y\u0131llard\u0131r firma ile ayakta otuz ta\u015feron ta\u015f\u0131yan firmalar\u0131n\u0131n rol\u00fc ve onun uzmanl\u0131k ve hayvanc\u0131l\u0131k kapsaml\u0131 bilgi bug\u00fcn H\u0131rvat Hayvanc\u0131l\u0131k sayg\u0131n bir konuma sahiptir Agro-Vet Ltd. katk\u0131da bulunur. Amac\u0131m\u0131z en kaliteli et ve daha fazla besi i\u00e7in haz\u0131rlanan y\u00fcksek kalitede s\u0131\u011f\u0131r sunmak i\u00e7in m\u00fc\u015fterilerine \u00fcretmektir.<\/p>\n<p><strong>\u015eirket veriler:<\/strong><br \/>\nTicaret mahkemesi Varazdin: Tt-06 \/ 494-2,<br \/>\nMBS: 010002473<br \/>\ntam olarak \u00f6denen HRK 594,000.00 sermayesi;<br \/>\nY\u00f6netim kurulu: Darko Celovec, CEO[\/vc_column_text][\/vc_column][vc_column width=&#8221;1\/2&#8243;][vc_single_image image=&#8221;721&#8243; img_size=&#8221;450&#215;600&#8243; alignment=&#8221;center&#8221; image_hovers=&#8221;false&#8221; css=&#8221;.vc_custom_1541601876104{margin-bottom: 0px !important;}&#8221;][\/vc_column][\/vc_row]<\/p>\n<\/div>","protected":false},"excerpt":{"rendered":"<p>[vc_row content_placement=&#8221;top&#8221; el_class=&#8221;center&#8221;][vc_column width=&#8221;1\/2&#8243;][vc_column_text]Agro-vet d.o.o. Say\u0131n Mladen Celovec taraf\u0131ndan 1993 y\u0131l\u0131nda kurulmu\u015ftur ve g\u00fcn\u00fcm\u00fczde Darko Celovec ait bir firmad\u0131r. Agro-vet d.o.o. Bug\u00fcn ayr\u0131ca besi, besi s\u0131\u011f\u0131r kesim i\u00e7in s\u0131\u011f\u0131r (600 kg), yan\u0131 s\u0131ra hayvanc\u0131l\u0131k ticareti her t\u00fcrl\u00fc i\u00e7in s\u0131\u011f\u0131r (300 kg) besi, kesim i\u00e7in domuz yeti\u015ftirme. Biz besi ve kesim katliam (Romanya ve \u00c7ek Cumhuriyeti)&hellip;<\/p>\n","protected":false},"author":1,"featured_media":0,"parent":0,"menu_order":0,"comment_status":"closed","ping_status":"closed","template":"","meta":{"ngg_post_thumbnail":0,"footnotes":""},"class_list":["post-433","page","type-page","status-publish","hentry","description-off"],"_links":{"self":[{"href":"https:\/\/www.agro-vet.hr\/tr\/wp-json\/wp\/v2\/pages\/433","targetHints":{"allow":["GET"]}}],"collection":[{"href":"https:\/\/www.agro-vet.hr\/tr\/wp-json\/wp\/v2\/pages"}],"about":[{"href":"https:\/\/www.agro-vet.hr\/tr\/wp-json\/wp\/v2\/types\/page"}],"author":[{"embeddable":true,"href":"https:\/\/www.agro-vet.hr\/tr\/wp-json\/wp\/v2\/users\/1"}],"replies":[{"embeddable":true,"href":"https:\/\/www.agro-vet.hr\/tr\/wp-json\/wp\/v2\/comments?post=433"}],"version-history":[{"count":2,"href":"https:\/\/www.agro-vet.hr\/tr\/wp-json\/wp\/v2\/pages\/433\/revisions"}],"predecessor-version":[{"id":921,"href":"https:\/\/www.agro-vet.hr\/tr\/wp-json\/wp\/v2\/pages\/433\/revisions\/921"}],"wp:attachment":[{"href":"https:\/\/www.agro-vet.hr\/tr\/wp-json\/wp\/v2\/media?parent=433"}],"curies":[{"name":"wp","href":"https:\/\/api.w.org\/{rel}","templated":true}]}}