{"id":429,"date":"2018-05-29T08:59:01","date_gmt":"2018-05-29T06:59:01","guid":{"rendered":"http:\/\/www.agro-vet.hr\/naslovna\/"},"modified":"2018-12-19T15:43:28","modified_gmt":"2018-12-19T14:43:28","slug":"naslovna","status":"publish","type":"page","link":"https:\/\/www.agro-vet.hr\/tr\/","title":{"rendered":"Ana Sayfa"},"content":{"rendered":"<div class=\"wpb-content-wrapper\"><p>[vc_row disable_element=&#8221;yes&#8221; el_class=&#8221;center&#8221;][vc_column width=&#8221;1\/2&#8243;]<div id=\"ultimate-heading-252169e0d48ec4fad\" class=\"uvc-heading ult-adjust-bottom-margin ultimate-heading-252169e0d48ec4fad uvc-2520  uvc-heading-default-font-sizes\" data-hspacer=\"no_spacer\"  data-halign=\"left\" style=\"text-align:left\"><div class=\"uvc-heading-spacer no_spacer\" style=\"top\"><\/div><div class=\"uvc-main-heading ult-responsive\"  data-ultimate-target='.uvc-heading.ultimate-heading-252169e0d48ec4fad h1'  data-responsive-json-new='{\"font-size\":\"\",\"line-height\":\"\"}' ><h1 style=\"--font-weight:theme;margin-bottom:20px;\">Agro-Vet Dagi\u2019nin web sitesine ho\u015f geldiniz<\/h1><\/div><\/div>[vc_column_text]Sayfalar firmamizin \u00fcr\u00fcn ve hizmetleri ile ilgilenen bilgilendirme fikri ile olu\u015fturuldu. Sundugumuz t\u00fcm bakmak, ve bize herhangi bir soru i\u00e7in, l\u00fctfen bize ula\u015fin. Ba\u015farili bir i\u015fbirligi ba\u015finda, nazik g\u00f6r\u00fcyor.<\/p>\n<p>y\u00f6netmen Darko Celovec[\/vc_column_text]<div class=\" vc_custom_1530530965966 ubtn-ctn-left \"><a class=\"ubtn-link ult-adjust-bottom-margin ubtn-left ubtn-normal \" href=\"http:\/\/www.agro-vet.hr\/o-nama\/?lang=tr\" ><button type=\"button\" id=\"ubtn-5013\"  class=\"ubtn ult-adjust-bottom-margin ult-responsive ubtn-normal ubtn-no-hover-bg  none  ubtn-left   tooltip-69e0d48ec500f\"  data-hover=\"#ffffff\" data-border-color=\"#c4161c\" data-bg=\"#ffffff\" data-hover-bg=\"#c4161c\" data-border-hover=\"#c4161c\" data-shadow-hover=\"\" data-shadow-click=\"none\" data-shadow=\"\" data-shd-shadow=\"\"  data-ultimate-target='#ubtn-5013'  data-responsive-json-new='{\"font-size\":\"desktop:14px;\",\"line-height\":\"\"}'  style=\"font-weight:normal;border-radius:1px;border-width:2px;border-color:#c4161c;border-style:solid;background: #ffffff;color: #c4161c;\"><span class=\"ubtn-hover\" style=\"background-color:#c4161c\"><\/span><span class=\"ubtn-data ubtn-text \" >Daha fazlas\u0131 i\u00e7in<\/span><\/button><\/a><\/div>[\/vc_column][vc_column width=&#8221;1\/2&#8243;][vc_single_image image=&#8221;49&#8243; img_size=&#8221;full&#8221; alignment=&#8221;center&#8221; image_hovers=&#8221;false&#8221; css=&#8221;.vc_custom_1528289434033{margin-bottom: 0px !important;}&#8221;][\/vc_column][\/vc_row][vc_row el_class=&#8221;center&#8221; css=&#8221;.vc_custom_1541750200126{margin-top: 40px !important;margin-bottom: 40px !important;}&#8221;][vc_column width=&#8221;1\/6&#8243;][\/vc_column][vc_column width=&#8221;3\/6&#8243;]<div id=\"ultimate-heading-719469e0d48ec5084\" class=\"uvc-heading ult-adjust-bottom-margin ultimate-heading-719469e0d48ec5084 uvc-2083  uvc-heading-default-font-sizes\" data-hspacer=\"no_spacer\"  data-halign=\"left\" style=\"text-align:left\"><div class=\"uvc-heading-spacer no_spacer\" style=\"top\"><\/div><div class=\"uvc-main-heading ult-responsive\"  data-ultimate-target='.uvc-heading.ultimate-heading-719469e0d48ec5084 h1'  data-responsive-json-new='{\"font-size\":\"\",\"line-height\":\"\"}' ><h1 style=\"--font-weight:theme;margin-bottom:20px;\">Agro-Vet Dagi\u2019nin web sitesine ho\u015f geldiniz<\/h1><\/div><\/div>[vc_column_text]Sayfalar firmamizin \u00fcr\u00fcn ve hizmetleri ile ilgilenen bilgilendirme fikri ile olu\u015fturuldu. Sundugumuz t\u00fcm bakmak, ve bize herhangi bir soru i\u00e7in, l\u00fctfen bize ula\u015fin. Ba\u015farili bir i\u015fbirligi ba\u015finda, nazik g\u00f6r\u00fcyor.<\/p>\n<p>y\u00f6netmen Darko Celovec[\/vc_column_text]<div class=\" vc_custom_1541601301400 ubtn-ctn-left \"><a class=\"ubtn-link ult-adjust-bottom-margin ubtn-left ubtn-normal \" href=\"http:\/\/www.agro-vet.hr\/o-nama\/\" ><button type=\"button\" id=\"ubtn-1644\"  class=\"ubtn ult-adjust-bottom-margin ult-responsive ubtn-normal ubtn-no-hover-bg  none  ubtn-left   tooltip-69e0d48ec50aa\"  data-hover=\"#ffffff\" data-border-color=\"#c4161c\" data-bg=\"#ffffff\" data-hover-bg=\"#c4161c\" data-border-hover=\"#c4161c\" data-shadow-hover=\"\" data-shadow-click=\"none\" data-shadow=\"\" data-shd-shadow=\"\"  data-ultimate-target='#ubtn-1644'  data-responsive-json-new='{\"font-size\":\"desktop:14px;\",\"line-height\":\"\"}'  style=\"font-weight:normal;border-radius:1px;border-width:2px;border-color:#c4161c;border-style:solid;background: #ffffff;color: #c4161c;\"><span class=\"ubtn-hover\" style=\"background-color:#c4161c\"><\/span><span class=\"ubtn-data ubtn-text \" >Daha fazlas\u0131 i\u00e7in<\/span><\/button><\/a><\/div>[\/vc_column][vc_column width=&#8221;1\/6&#8243;][vc_single_image image=&#8221;721&#8243; img_size=&#8221;medium&#8221;][\/vc_column][vc_column width=&#8221;1\/6&#8243;][\/vc_column][\/vc_row][vc_section full_width=&#8221;stretch_row&#8221; el_class=&#8221;kateg-sekcija&#8221;][vc_row][vc_column][vc_column_text]<strong style=\"font-size: 35px; position: relative; top: 50px;\">Bizim \u00fcr\u00fcnlerimiz<\/strong>[\/vc_column_text][\/vc_column][\/vc_row][vc_row full_width=&#8221;stretch_row&#8221; el_class=&#8221;kategorije-mesa&#8221;][vc_column width=&#8221;1\/4&#8243;][vc_raw_html]JTNDYSUyMGhyZWYlM0QlMjJodHRwJTNBJTJGJTJGd3d3LmFncm8tdmV0LmhyJTJGdHIlMkZrYXRlZ29yaWphLXByb2l6dm9kYSUyRmJlc2ktaWNpbi1idXphZ2klMkYlMjIlM0UlM0NpbWclMjBzcmMlM0QlMjJodHRwJTNBJTJGJTJGd3d3LmFncm8tdmV0LmhyJTJGd3AtY29udGVudCUyRnVwbG9hZHMlMkYyMDE4JTJGMTAlMkZ0ZWxhZC5qcGclMjIlMjBhbHQlM0QlMjJ0ZWxhZCUyMiUzRUJlc2klMjBpJUMzJUE3aW4lMjBidXphJUM0JTlGJUM0JUIxJTNDJTJGYSUzRQ==[\/vc_raw_html][\/vc_column][vc_column width=&#8221;1\/4&#8243;][vc_raw_html]JTNDYSUyMGhyZWYlM0QlMjJodHRwJTNBJTJGJTJGd3d3LmFncm8tdmV0LmhyJTJGdHIlMkZrYXRlZ29yaWphLXByb2l6dm9kYSUyRmJlc2ktaWNpbi1kdXZlbGVyJTJGJTIyJTNFJTNDaW1nJTIwc3JjJTNEJTIyaHR0cCUzQSUyRiUyRnd3dy5hZ3JvLXZldC5ociUyRndwLWNvbnRlbnQlMkZ1cGxvYWRzJTJGMjAxOCUyRjExJTJGanVuYWQucG5nJTIyJTIwYWx0JTNEJTIyanVuYWQlMjIlM0VCZXNpJTIwaSVDMyVBN2luJTIwZCVDMyVCQ3ZlbGVyJTNDJTJGYSUzRQ==[\/vc_raw_html][\/vc_column][vc_column width=&#8221;1\/4&#8243;][vc_raw_html]JTNDYSUyMGhyZWYlM0QlMjJodHRwJTNBJTJGJTJGd3d3LmFncm8tdmV0LmhyJTJGdHIlMkZrYXRlZ29yaWphLXByb2l6dm9kYSUyRmJvZ2FsYXItdmUtZHV2ZWxlci1rZXNpbSUyRiUyMiUzRSUzQ2ltZyUyMHNyYyUzRCUyMmh0dHAlM0ElMkYlMkZ3d3cuYWdyby12ZXQuaHIlMkZ3cC1jb250ZW50JTJGdXBsb2FkcyUyRjIwMTglMkYxMSUyRmJpa292aS1pLWp1bmljZS5qcGclMjIlMjBhbHQlM0QlMjJiaWtvdmklMjIlM0VLZXNpbSUyMGklQzMlQTdpbiUyMGJvJUM0JTlGYWxhciUyMHZlJTIwZCVDMyVCQ3ZlbGVyJTNDJTJGYSUzRQ==[\/vc_raw_html][\/vc_column][vc_column width=&#8221;1\/4&#8243;][vc_raw_html]JTNDYSUyMGhyZWYlM0QlMjJodHRwJTNBJTJGJTJGd3d3LmFncm8tdmV0LmhyJTJGdHIlMkZwcm9penZvZGklMkZzYXRpbGlrLWV0JTJGJTIyJTNFJTNDaW1nJTIwc3JjJTNEJTIyaHR0cCUzQSUyRiUyRnd3dy5hZ3JvLXZldC5ociUyRndwLWNvbnRlbnQlMkZ1cGxvYWRzJTJGMjAxOCUyRjEwJTJGTWVzby16YS1wcm9kYWp1LXNsaWthLTQucG5nJTIyJTIwYWx0JTNEJTIyTWVzbyUyMHphJTIwcHJvZGFqdSUyMiUzRVNhdCVDNCVCMWwlQzQlQjFrJTIwZXQlM0MlMkZhJTNF[\/vc_raw_html][\/vc_column][\/vc_row][\/vc_section][vc_row full_width=&#8221;stretch_row&#8221; bg_type=&#8221;bg_color&#8221; bg_color_value=&#8221;#e7ece3&#8243; el_class=&#8221;blog-green&#8221;][vc_column]<div id=\"ultimate-heading-247669e0d48ec50de\" class=\"uvc-heading ult-adjust-bottom-margin ultimate-heading-247669e0d48ec50de uvc-5615  uvc-heading-default-font-sizes\" data-hspacer=\"no_spacer\"  data-halign=\"left\" style=\"text-align:left\"><div class=\"uvc-heading-spacer no_spacer\" style=\"top\"><\/div><div class=\"uvc-main-heading ult-responsive\"  data-ultimate-target='.uvc-heading.ultimate-heading-247669e0d48ec50de h1'  data-responsive-json-new='{\"font-size\":\"\",\"line-height\":\"\"}' ><h1 style=\"--font-weight:theme;margin-bottom:20px;\">Aktualno<\/h1><\/div><\/div>[vc_basic_grid post_type=&#8221;post&#8221; max_items=&#8221;10&#8243; item=&#8221;293&#8243; grid_id=&#8221;vc_gid:1545230566328-7b073f87-fd53-9&#8243; taxonomies=&#8221;3&#8243;][\/vc_column][\/vc_row]<\/p>\n<\/div>","protected":false},"excerpt":{"rendered":"<p>[vc_row disable_element=&#8221;yes&#8221; el_class=&#8221;center&#8221;][vc_column width=&#8221;1\/2&#8243;][vc_column_text]Sayfalar firmamizin \u00fcr\u00fcn ve hizmetleri ile ilgilenen bilgilendirme fikri ile olu\u015fturuldu. Sundugumuz t\u00fcm bakmak, ve bize herhangi bir soru i\u00e7in, l\u00fctfen bize ula\u015fin. Ba\u015farili bir i\u015fbirligi ba\u015finda, nazik g\u00f6r\u00fcyor. y\u00f6netmen Darko Celovec[\/vc_column_text][\/vc_column][vc_column width=&#8221;1\/2&#8243;][vc_single_image image=&#8221;49&#8243; img_size=&#8221;full&#8221; alignment=&#8221;center&#8221; image_hovers=&#8221;false&#8221; css=&#8221;.vc_custom_1528289434033{margin-bottom: 0px !important;}&#8221;][\/vc_column][\/vc_row][vc_row el_class=&#8221;center&#8221; css=&#8221;.vc_custom_1541750200126{margin-top: 40px !important;margin-bottom: 40px !important;}&#8221;][vc_column width=&#8221;1\/6&#8243;][\/vc_column][vc_column width=&#8221;3\/6&#8243;][vc_column_text]Sayfalar firmamizin \u00fcr\u00fcn ve hizmetleri&hellip;<\/p>\n","protected":false},"author":1,"featured_media":0,"parent":0,"menu_order":0,"comment_status":"closed","ping_status":"closed","template":"","meta":{"ngg_post_thumbnail":0,"footnotes":""},"class_list":["post-429","page","type-page","status-publish","hentry","description-off"],"_links":{"self":[{"href":"https:\/\/www.agro-vet.hr\/tr\/wp-json\/wp\/v2\/pages\/429","targetHints":{"allow":["GET"]}}],"collection":[{"href":"https:\/\/www.agro-vet.hr\/tr\/wp-json\/wp\/v2\/pages"}],"about":[{"href":"https:\/\/www.agro-vet.hr\/tr\/wp-json\/wp\/v2\/types\/page"}],"author":[{"embeddable":true,"href":"https:\/\/www.agro-vet.hr\/tr\/wp-json\/wp\/v2\/users\/1"}],"replies":[{"embeddable":true,"href":"https:\/\/www.agro-vet.hr\/tr\/wp-json\/wp\/v2\/comments?post=429"}],"version-history":[{"count":3,"href":"https:\/\/www.agro-vet.hr\/tr\/wp-json\/wp\/v2\/pages\/429\/revisions"}],"predecessor-version":[{"id":1047,"href":"https:\/\/www.agro-vet.hr\/tr\/wp-json\/wp\/v2\/pages\/429\/revisions\/1047"}],"wp:attachment":[{"href":"https:\/\/www.agro-vet.hr\/tr\/wp-json\/wp\/v2\/media?parent=429"}],"curies":[{"name":"wp","href":"https:\/\/api.w.org\/{rel}","templated":true}]}}