{"id":404,"date":"2018-05-29T08:55:33","date_gmt":"2018-05-29T06:55:33","guid":{"rendered":"http:\/\/www.agro-vet.hr\/o-nama\/"},"modified":"2018-11-09T08:49:38","modified_gmt":"2018-11-09T07:49:38","slug":"o-nama","status":"publish","type":"page","link":"https:\/\/www.agro-vet.hr\/it\/o-nama\/","title":{"rendered":"Chi siamo"},"content":{"rendered":"<div class=\"wpb-content-wrapper\"><p>[vc_row content_placement=&#8221;top&#8221; el_class=&#8221;center&#8221;][vc_column width=&#8221;1\/2&#8243;]<div id=\"ultimate-heading-990169e76bbe22e49\" class=\"uvc-heading ult-adjust-bottom-margin ultimate-heading-990169e76bbe22e49 uvc-8531  uvc-heading-default-font-sizes\" data-hspacer=\"no_spacer\"  data-halign=\"left\" style=\"text-align:left\"><div class=\"uvc-heading-spacer no_spacer\" style=\"top\"><\/div><div class=\"uvc-main-heading ult-responsive\"  data-ultimate-target='.uvc-heading.ultimate-heading-990169e76bbe22e49 h1'  data-responsive-json-new='{\"font-size\":\"\",\"line-height\":\"\"}' ><h1 style=\"--font-weight:theme;margin-bottom:20px;\">Chi siamo<\/h1><\/div><\/div>[vc_column_text]Agro-vet d.o.o. \u00e8 stata fondata nel 1993. dal Sig Mladen Celovec, ed oggi \u00e8 una societ\u00e0 di propriet\u00e0 di Darko Celovec. Agro-vet d.o.o. oggi l&#8217;allevamento di suini da macello, da ingrasso bovini da carne (300 kg) per, bovini da ingrasso ulteriore ingrasso di manzo (600 kg) destinati alla macellazione, cos\u00ec come tutte le forme di commercio di bestiame. Vendiamo suinetti provenienti da Germania e Paesi Bassi, vitelli da ingrasso e la macellazione (Romania e Repubblica Ceca), cos\u00ec come agnelli al macello.<\/p>\n<p>La societ\u00e0 possiede un proprio foraggio mach (sistema HACCP), servizio veterinario e due aziende agricole per ingrasso bovini da carne. Il nostro team di 21 personale \u00e8 molto professionale e risolutamente segue i pi\u00f9 alti standard europei di allevamento. ruolo estremamente importante in imprese commerciali che trasportano trenta subappaltatori che per molti anni in piedi con la societ\u00e0, e la sua esperienza e la vasta conoscenza nel bestiame contribuiscono ad Agro-Vet Ltd. oggi occupa una posizione di tutto rispetto nel bestiame croata. Il nostro obiettivo \u00e8 quello di produrre carne di qualit\u00e0 superiore ed i suoi clienti per fornire il bestiame di alta qualit\u00e0 preparati per l&#8217;ingrasso.<\/p>\n<p><strong>Dati aziendali:<\/strong><br \/>\ncorte commerciale Varazdin: Tt-06 \/ 494-2,<br \/>\nMBS: 010002473<br \/>\nIl capitale sociale di kune 594,000.00 pagato per intero;<br \/>\nConsiglio di Gestione: Darko Celovec, CEO[\/vc_column_text][\/vc_column][vc_column width=&#8221;1\/2&#8243;][vc_single_image image=&#8221;721&#8243; img_size=&#8221;460&#215;600&#8243; alignment=&#8221;center&#8221; image_hovers=&#8221;false&#8221; css=&#8221;.vc_custom_1541601958587{margin-bottom: 0px !important;}&#8221;][\/vc_column][\/vc_row]<\/p>\n<\/div>","protected":false},"excerpt":{"rendered":"<p>[vc_row content_placement=&#8221;top&#8221; el_class=&#8221;center&#8221;][vc_column width=&#8221;1\/2&#8243;][vc_column_text]Agro-vet d.o.o. \u00e8 stata fondata nel 1993. dal Sig Mladen Celovec, ed oggi \u00e8 una societ\u00e0 di propriet\u00e0 di Darko Celovec. Agro-vet d.o.o. oggi l&#8217;allevamento di suini da macello, da ingrasso bovini da carne (300 kg) per, bovini da ingrasso ulteriore ingrasso di manzo (600 kg) destinati alla macellazione, cos\u00ec come tutte&hellip;<\/p>\n","protected":false},"author":1,"featured_media":0,"parent":0,"menu_order":0,"comment_status":"closed","ping_status":"closed","template":"","meta":{"ngg_post_thumbnail":0,"footnotes":""},"class_list":["post-404","page","type-page","status-publish","hentry","description-off"],"_links":{"self":[{"href":"https:\/\/www.agro-vet.hr\/it\/wp-json\/wp\/v2\/pages\/404","targetHints":{"allow":["GET"]}}],"collection":[{"href":"https:\/\/www.agro-vet.hr\/it\/wp-json\/wp\/v2\/pages"}],"about":[{"href":"https:\/\/www.agro-vet.hr\/it\/wp-json\/wp\/v2\/types\/page"}],"author":[{"embeddable":true,"href":"https:\/\/www.agro-vet.hr\/it\/wp-json\/wp\/v2\/users\/1"}],"replies":[{"embeddable":true,"href":"https:\/\/www.agro-vet.hr\/it\/wp-json\/wp\/v2\/comments?post=404"}],"version-history":[{"count":4,"href":"https:\/\/www.agro-vet.hr\/it\/wp-json\/wp\/v2\/pages\/404\/revisions"}],"predecessor-version":[{"id":922,"href":"https:\/\/www.agro-vet.hr\/it\/wp-json\/wp\/v2\/pages\/404\/revisions\/922"}],"wp:attachment":[{"href":"https:\/\/www.agro-vet.hr\/it\/wp-json\/wp\/v2\/media?parent=404"}],"curies":[{"name":"wp","href":"https:\/\/api.w.org\/{rel}","templated":true}]}}