{"id":391,"date":"2018-05-29T08:57:12","date_gmt":"2018-05-29T06:57:12","guid":{"rendered":"http:\/\/www.agro-vet.hr\/kontakt\/"},"modified":"2024-06-10T01:58:00","modified_gmt":"2024-06-09T23:58:00","slug":"kontakt","status":"publish","type":"page","link":"https:\/\/www.agro-vet.hr\/de\/kontakt\/","title":{"rendered":"Kontakt"},"content":{"rendered":"<div class=\"wpb-content-wrapper\"><p>[vc_row el_class=&#8220;center&#8220;][vc_column width=&#8220;1\/2&#8243;][vc_column_text]<\/p>\n<div class=\"w5 center-left\">\n<h1 class=\"title\">Kontakt<\/h1>\n<p><strong>Firma<\/strong><br \/>\nAlberta Strige 7, 48260 Krizevci<\/p>\n<p><strong>Finanz \/ Buchhaltung:<\/strong><br \/>\nNata\u0161a Zidari\u0107<br \/>\nTelefon: +385 48 681-171<br \/>\nMobile: +385 98 392-465<br \/>\nE-mail: <a href=\"mailto:natasa@agro-vet.hr\">natasa@agro-vet.hr<\/a><\/p>\n<p>&nbsp;<\/p>\n<p><strong>B\u00fcro:<br \/>\n<\/strong>Andrea Me\u0111an Trivanovi\u0107<br \/>\nTelefon: +385 48 681-171<br \/>\nMobile: +385 99 791-1030<br \/>\nE-mail:<a href=\"mailto:andrea.mtrivanovic@agro-vet.hr\">andrea.mtrivanovic@agro-vet.hr<\/a><strong><br \/>\n<\/strong><\/p>\n<p>&nbsp;<\/p>\n<p><strong>Beschaffung:<\/strong><\/p>\n<\/div>\n<div class=\"w5 center-left\">\n<p>Valerija Fiket<br \/>\nTelefon: +385 48 681-171<br \/>\nMobile: +385 99 608-2454<br \/>\nE-mail:<a href=\"mailto:valerija.fiket@agro-vet.hr\">valerija.fiket@agro-vet.hr<\/a><\/p>\n<p>&nbsp;<\/p>\n<p><strong>Verkaufsabteilung:<\/strong><br \/>\nDarko Celovec, dr.vet.med.<br \/>\nTelefon: +385 48 681-171<br \/>\nFax: +385 48 270-239<br \/>\nE-mail: <a href=\"mailto:darko.celovec@agro-vet.hr\">darko.celovec@agro-vet.hr<\/a><\/p>\n<p>&nbsp;<\/p>\n<p><strong>Veterin\u00e4rdienst\/F\u00fcttern fabrik:<\/strong><br \/>\nMartina Celovec dr. vet. med.<br \/>\nTelefon: +385 48 492-457<br \/>\nMobile: +385 98 998-0559<br \/>\nE-mail: <a href=\"mailto:martina.celovec@agro-vet.hr\">martina.celovec@agro-vet.hr<\/a><\/p>\n<p>&nbsp;<\/p>\n<p>Renato Fiket, dr. vet. med.<br \/>\nMobitel: + 385 99 220 8907<br \/>\nE-mail: <a href=\"mailto:renato.fiket@agro-vet.hr\">renato.fiket@agro-vet.hr<\/a><\/p>\n<\/div>\n<p>[\/vc_column_text][\/vc_column][vc_column width=&#8220;1\/2&#8243;]\n<div class=\"wpcf7 no-js\" id=\"wpcf7-f2228-o1\" lang=\"hr\" dir=\"ltr\" data-wpcf7-id=\"2228\">\n<div class=\"screen-reader-response\"><p role=\"status\" aria-live=\"polite\" aria-atomic=\"true\"><\/p> <ul><\/ul><\/div>\n<form action=\"\/de\/wp-json\/wp\/v2\/pages\/391#wpcf7-f2228-o1\" method=\"post\" class=\"wpcf7-form init\" aria-label=\"Kontakt obrazac\" novalidate=\"novalidate\" data-status=\"init\">\n<fieldset class=\"hidden-fields-container\"><input type=\"hidden\" name=\"_wpcf7\" value=\"2228\" \/><input type=\"hidden\" name=\"_wpcf7_version\" value=\"6.1.5\" \/><input type=\"hidden\" name=\"_wpcf7_locale\" value=\"hr\" \/><input type=\"hidden\" name=\"_wpcf7_unit_tag\" value=\"wpcf7-f2228-o1\" \/><input type=\"hidden\" name=\"_wpcf7_container_post\" value=\"0\" \/><input type=\"hidden\" name=\"_wpcf7_posted_data_hash\" value=\"\" \/>\n<\/fieldset>\n<p><label> Vor- und Nachname:<br \/>\n<span class=\"wpcf7-form-control-wrap\" data-name=\"your-name\"><input size=\"40\" maxlength=\"400\" class=\"wpcf7-form-control wpcf7-text wpcf7-validates-as-required\" autocomplete=\"name\" aria-required=\"true\" aria-invalid=\"false\" value=\"\" type=\"text\" name=\"your-name\" \/><\/span> <\/label>\n<\/p>\n<p><label> E-mail:<br \/>\n<span class=\"wpcf7-form-control-wrap\" data-name=\"your-email\"><input size=\"40\" maxlength=\"400\" class=\"wpcf7-form-control wpcf7-email wpcf7-validates-as-required wpcf7-text wpcf7-validates-as-email\" autocomplete=\"email\" aria-required=\"true\" aria-invalid=\"false\" value=\"\" type=\"email\" name=\"your-email\" \/><\/span> <\/label>\n<\/p>\n<p><label> Ihre Nachricht:<br \/>\n<span class=\"wpcf7-form-control-wrap\" data-name=\"your-message\"><textarea cols=\"40\" rows=\"10\" maxlength=\"2000\" class=\"wpcf7-form-control wpcf7-textarea\" aria-invalid=\"false\" name=\"your-message\"><\/textarea><\/span> <\/label>\n<\/p>\n<p><input class=\"wpcf7-form-control wpcf7-submit has-spinner\" type=\"submit\" value=\"Nachricht senden\" \/>\n<\/p><p style=\"display: none !important;\" class=\"akismet-fields-container\" data-prefix=\"_wpcf7_ak_\"><label>&#916;<textarea name=\"_wpcf7_ak_hp_textarea\" cols=\"45\" rows=\"8\" maxlength=\"100\"><\/textarea><\/label><input type=\"hidden\" id=\"ak_js_1\" name=\"_wpcf7_ak_js\" value=\"62\"\/><script>document.getElementById( \"ak_js_1\" ).setAttribute( \"value\", ( new Date() ).getTime() );<\/script><\/p><div class=\"wpcf7-response-output\" aria-hidden=\"true\"><\/div>\n<\/form>\n<\/div>\n[\/vc_column][\/vc_row]<\/p>\n<\/div>","protected":false},"excerpt":{"rendered":"<p>[vc_row el_class=&#8220;center&#8220;][vc_column width=&#8220;1\/2&#8243;][vc_column_text] Kontakt Firma Alberta Strige 7, 48260 Krizevci Finanz \/ Buchhaltung: Nata\u0161a Zidari\u0107 Telefon: +385 48 681-171 Mobile: +385 98 392-465 E-mail: natasa@agro-vet.hr &nbsp; B\u00fcro: Andrea Me\u0111an Trivanovi\u0107 Telefon: +385 48 681-171 Mobile: +385 99 791-1030 E-mail:andrea.mtrivanovic@agro-vet.hr &nbsp; Beschaffung: Valerija Fiket Telefon: +385 48 681-171 Mobile: +385 99 608-2454 E-mail:valerija.fiket@agro-vet.hr &nbsp; Verkaufsabteilung: Darko&hellip;<\/p>\n","protected":false},"author":1,"featured_media":0,"parent":0,"menu_order":0,"comment_status":"closed","ping_status":"closed","template":"","meta":{"ngg_post_thumbnail":0,"footnotes":""},"class_list":["post-391","page","type-page","status-publish","hentry","description-off"],"_links":{"self":[{"href":"https:\/\/www.agro-vet.hr\/de\/wp-json\/wp\/v2\/pages\/391","targetHints":{"allow":["GET"]}}],"collection":[{"href":"https:\/\/www.agro-vet.hr\/de\/wp-json\/wp\/v2\/pages"}],"about":[{"href":"https:\/\/www.agro-vet.hr\/de\/wp-json\/wp\/v2\/types\/page"}],"author":[{"embeddable":true,"href":"https:\/\/www.agro-vet.hr\/de\/wp-json\/wp\/v2\/users\/1"}],"replies":[{"embeddable":true,"href":"https:\/\/www.agro-vet.hr\/de\/wp-json\/wp\/v2\/comments?post=391"}],"version-history":[{"count":3,"href":"https:\/\/www.agro-vet.hr\/de\/wp-json\/wp\/v2\/pages\/391\/revisions"}],"predecessor-version":[{"id":2232,"href":"https:\/\/www.agro-vet.hr\/de\/wp-json\/wp\/v2\/pages\/391\/revisions\/2232"}],"wp:attachment":[{"href":"https:\/\/www.agro-vet.hr\/de\/wp-json\/wp\/v2\/media?parent=391"}],"curies":[{"name":"wp","href":"https:\/\/api.w.org\/{rel}","templated":true}]}}