{"id":384,"date":"2018-05-29T09:01:45","date_gmt":"2018-05-29T07:01:45","guid":{"rendered":"http:\/\/www.agro-vet.hr\/nase-lokacije\/"},"modified":"2024-03-20T02:46:33","modified_gmt":"2024-03-20T01:46:33","slug":"nase-lokacije","status":"publish","type":"page","link":"https:\/\/www.agro-vet.hr\/de\/nase-lokacije\/","title":{"rendered":"Unsere Standorte"},"content":{"rendered":"<div class=\"wpb-content-wrapper\"><p>[vc_row el_class=&#8220;center&#8220;][vc_column width=&#8220;1\/3&#8243;]<div id=\"ultimate-heading-797369df18a4a2653\" class=\"uvc-heading ult-adjust-bottom-margin ultimate-heading-797369df18a4a2653 uvc-9954  uvc-heading-default-font-sizes\" data-hspacer=\"no_spacer\"  data-halign=\"left\" style=\"text-align:left\"><div class=\"uvc-heading-spacer no_spacer\" style=\"top\"><\/div><div class=\"uvc-main-heading ult-responsive\"  data-ultimate-target='.uvc-heading.ultimate-heading-797369df18a4a2653 h1'  data-responsive-json-new='{\"font-size\":\"\",\"line-height\":\"\"}' ><h1 style=\"--font-weight:theme;margin-bottom:20px;\">Unsere Standorte<\/h1><\/div><\/div>[vc_column_text]<\/p>\n<h4 style=\"color: #b01016;\"><strong>Futtermischung (HACCP)<\/strong><\/h4>\n<p>Gu\u0161\u010derovec bb,<br \/>\n48267 St. Orehovec[\/vc_column_text][vc_column_text css=&#8220;.vc_custom_1529279454763{padding-top: 20px !important;}&#8220;]<\/p>\n<h4 style=\"color: #b01016;\"><strong>Bauernh\u00f6fe f\u00fcr Rindermast Gu\u0161\u010derovec<\/strong><\/h4>\n<p>Gu\u0161\u010derovec bb,<br \/>\n48267 St. Orehovec<br \/>\nKAPAZIT\u00c4T: 500 St\u00fcck[\/vc_column_text][vc_column_text]<\/p>\n<h4 style=\"color: #b01016;\"><strong><br \/>\nBauernhof f\u00fcr Rindermast Fere\u017eani<\/strong><\/h4>\n<p>Fere\u017eani 55,<br \/>\n48265 Raven<br \/>\nKAPAZIT\u00c4T: 500 St\u00fcck[\/vc_column_text][\/vc_column][vc_column width=&#8220;1\/3&#8243;][vc_column_text css=&#8220;.vc_custom_1529279426180{padding-top: 54px !important;}&#8220;]<\/p>\n<h4 style=\"color: #b01016;\"><strong>Bauernhof f\u00fcr Rindermast Stanci<\/strong><\/h4>\n<p>Mile Wood bb,<br \/>\n44250 Petrinja<br \/>\nKAPAZIT\u00c4T: 1500 St\u00fcck[\/vc_column_text][vc_column_text]<\/p>\n<h4 style=\"color: #b01016;\"><strong>Bauernhof f\u00fcr Rindermast Ljubljanica<\/strong><\/h4>\n<p>Ljubljanica bb, \u017dir\u010dica,<br \/>\n44000 Sisak<br \/>\nKAPAZIT\u00c4T: 2000 St\u00fcck[\/vc_column_text][\/vc_column][vc_column width=&#8220;1\/3&#8243;][vc_gmaps link=&#8220;#E-8_JTNDaWZyYW1lJTIwc3JjJTNEJTIyaHR0cHMlM0ElMkYlMkZ3d3cuZ29vZ2xlLmNvbSUyRm1hcHMlMkZkJTJGZW1iZWQlM0ZtaWQlM0QxdzREWlNVMkFPbTVsOVphX3RsYVN0QlB4ZUgzSVA2RDQlMjIlMjB3aWR0aCUzRCUyMjY0MCUyMiUyMGhlaWdodCUzRCUyMjQ4MCUyMiUzRSUzQyUyRmlmcmFtZSUzRQ==&#8220;][\/vc_column][\/vc_row]<\/p>\n<\/div>","protected":false},"excerpt":{"rendered":"<p>[vc_row el_class=&#8220;center&#8220;][vc_column width=&#8220;1\/3&#8243;][vc_column_text] Futtermischung (HACCP) Gu\u0161\u010derovec bb, 48267 St. Orehovec[\/vc_column_text][vc_column_text css=&#8220;.vc_custom_1529279454763{padding-top: 20px !important;}&#8220;] Bauernh\u00f6fe f\u00fcr Rindermast Gu\u0161\u010derovec Gu\u0161\u010derovec bb, 48267 St. Orehovec KAPAZIT\u00c4T: 500 St\u00fcck[\/vc_column_text][vc_column_text] Bauernhof f\u00fcr Rindermast Fere\u017eani Fere\u017eani 55, 48265 Raven KAPAZIT\u00c4T: 500 St\u00fcck[\/vc_column_text][\/vc_column][vc_column width=&#8220;1\/3&#8243;][vc_column_text css=&#8220;.vc_custom_1529279426180{padding-top: 54px !important;}&#8220;] Bauernhof f\u00fcr Rindermast Stanci Mile Wood bb, 44250 Petrinja KAPAZIT\u00c4T: 1500 St\u00fcck[\/vc_column_text][vc_column_text] Bauernhof f\u00fcr Rindermast&hellip;<\/p>\n","protected":false},"author":1,"featured_media":0,"parent":0,"menu_order":0,"comment_status":"closed","ping_status":"closed","template":"","meta":{"ngg_post_thumbnail":0,"footnotes":""},"class_list":["post-384","page","type-page","status-publish","hentry","description-off"],"_links":{"self":[{"href":"https:\/\/www.agro-vet.hr\/de\/wp-json\/wp\/v2\/pages\/384","targetHints":{"allow":["GET"]}}],"collection":[{"href":"https:\/\/www.agro-vet.hr\/de\/wp-json\/wp\/v2\/pages"}],"about":[{"href":"https:\/\/www.agro-vet.hr\/de\/wp-json\/wp\/v2\/types\/page"}],"author":[{"embeddable":true,"href":"https:\/\/www.agro-vet.hr\/de\/wp-json\/wp\/v2\/users\/1"}],"replies":[{"embeddable":true,"href":"https:\/\/www.agro-vet.hr\/de\/wp-json\/wp\/v2\/comments?post=384"}],"version-history":[{"count":3,"href":"https:\/\/www.agro-vet.hr\/de\/wp-json\/wp\/v2\/pages\/384\/revisions"}],"predecessor-version":[{"id":1259,"href":"https:\/\/www.agro-vet.hr\/de\/wp-json\/wp\/v2\/pages\/384\/revisions\/1259"}],"wp:attachment":[{"href":"https:\/\/www.agro-vet.hr\/de\/wp-json\/wp\/v2\/media?parent=384"}],"curies":[{"name":"wp","href":"https:\/\/api.w.org\/{rel}","templated":true}]}}