{"id":378,"date":"2018-05-29T08:55:33","date_gmt":"2018-05-29T06:55:33","guid":{"rendered":"http:\/\/www.agro-vet.hr\/o-nama\/"},"modified":"2018-11-09T08:47:53","modified_gmt":"2018-11-09T07:47:53","slug":"o-nama","status":"publish","type":"page","link":"https:\/\/www.agro-vet.hr\/de\/o-nama\/","title":{"rendered":"\u00dcber uns"},"content":{"rendered":"<div class=\"wpb-content-wrapper\"><p>[vc_row content_placement=&#8220;top&#8220; el_class=&#8220;center&#8220;][vc_column width=&#8220;1\/2&#8243;]<div id=\"ultimate-heading-270969e7590c66104\" class=\"uvc-heading ult-adjust-bottom-margin ultimate-heading-270969e7590c66104 uvc-6702  uvc-heading-default-font-sizes\" data-hspacer=\"no_spacer\"  data-halign=\"left\" style=\"text-align:left\"><div class=\"uvc-heading-spacer no_spacer\" style=\"top\"><\/div><div class=\"uvc-main-heading ult-responsive\"  data-ultimate-target='.uvc-heading.ultimate-heading-270969e7590c66104 h1'  data-responsive-json-new='{\"font-size\":\"\",\"line-height\":\"\"}' ><h1 style=\"--font-weight:theme;margin-bottom:20px;\">\u00dcber uns<\/h1><\/div><\/div>[vc_column_text]Agro-vet d.o.o. Wurde 1993 von Mladen Celovec gegr\u00fcndet und ist heute ein Unternehmen im Besitz von Darko Celovec. Agro-vet d.o.o.<br \/>\nAgro Vet besch\u00e4ftigt sich heute mit Mastrindvieh (300 kg) f\u00fcr die weitere Mast, Mastrindvieh (600 kg) f\u00fcr die Schlachtung sowie mit alle Formen des Viehhandels.<br \/>\nWir vefrkaufen K\u00e4lber f\u00fcr Mast und Schlachtung (Rum\u00e4nien und Tschechien) sowie L\u00e4mmer zur Schlachtung.<br \/>\nDas Unternehmen besitzt ein eigenes Futtermischanlage (HACCP-System), Veterin\u00e4rdienst und drei Betriebe f\u00fcr Mastrindvieh. Unser Team von 30 Mitarbeitern ist sehr professionell und folgt konsequent den h\u00f6chsten europ\u00e4ischen Standards der Viehzucht. Eine \u00e4u\u00dferst wichtige Rolle in unseren Unternehmen haben drei\u00dfig Subunternehmer, die seit vielen Jahren ein Teil unserer Firma sind und mit ihren Kenntnissen und Erfahrungen \u00fcber den Viezucht, beigetragt haben das Agro-Vet heute eine beachtliche Stellung im kroatischen Viehbestand nimmt.<br \/>\nUnser Ziel ist hochwertiges Fleisch f\u00fcr unsere Kunden zu produzieren, und unseren Kunden gut vorbereitete Rinder f\u00fcr die weitere Mast anzubieten.<\/p>\n<p><strong>Firmen Daten:<\/strong><br \/>\nHandelsgericht Varazdin: Tt-06 \/ 494-2,<br \/>\nMBS: 010002473<br \/>\nDas Aktienkapital von HRK 594.000,00 in voller H\u00f6he gezahlt;<br \/>\nVorstand: Darko Celovec, Gesch\u00e4ftsf\u00fchrer[\/vc_column_text][\/vc_column][vc_column width=&#8220;1\/2&#8243;][vc_single_image image=&#8220;721&#8243; img_size=&#8220;450&#215;600&#8243; alignment=&#8220;center&#8220; image_hovers=&#8220;false&#8220; css=&#8220;.vc_custom_1541595947388{margin-bottom: 0px !important;}&#8220;][\/vc_column][\/vc_row]<\/p>\n<\/div>","protected":false},"excerpt":{"rendered":"<p>[vc_row content_placement=&#8220;top&#8220; el_class=&#8220;center&#8220;][vc_column width=&#8220;1\/2&#8243;][vc_column_text]Agro-vet d.o.o. Wurde 1993 von Mladen Celovec gegr\u00fcndet und ist heute ein Unternehmen im Besitz von Darko Celovec. Agro-vet d.o.o. Agro Vet besch\u00e4ftigt sich heute mit Mastrindvieh (300 kg) f\u00fcr die weitere Mast, Mastrindvieh (600 kg) f\u00fcr die Schlachtung sowie mit alle Formen des Viehhandels. Wir vefrkaufen K\u00e4lber f\u00fcr Mast und Schlachtung&hellip;<\/p>\n","protected":false},"author":1,"featured_media":0,"parent":0,"menu_order":0,"comment_status":"closed","ping_status":"closed","template":"","meta":{"ngg_post_thumbnail":0,"footnotes":""},"class_list":["post-378","page","type-page","status-publish","hentry","description-off"],"_links":{"self":[{"href":"https:\/\/www.agro-vet.hr\/de\/wp-json\/wp\/v2\/pages\/378","targetHints":{"allow":["GET"]}}],"collection":[{"href":"https:\/\/www.agro-vet.hr\/de\/wp-json\/wp\/v2\/pages"}],"about":[{"href":"https:\/\/www.agro-vet.hr\/de\/wp-json\/wp\/v2\/types\/page"}],"author":[{"embeddable":true,"href":"https:\/\/www.agro-vet.hr\/de\/wp-json\/wp\/v2\/users\/1"}],"replies":[{"embeddable":true,"href":"https:\/\/www.agro-vet.hr\/de\/wp-json\/wp\/v2\/comments?post=378"}],"version-history":[{"count":3,"href":"https:\/\/www.agro-vet.hr\/de\/wp-json\/wp\/v2\/pages\/378\/revisions"}],"predecessor-version":[{"id":895,"href":"https:\/\/www.agro-vet.hr\/de\/wp-json\/wp\/v2\/pages\/378\/revisions\/895"}],"wp:attachment":[{"href":"https:\/\/www.agro-vet.hr\/de\/wp-json\/wp\/v2\/media?parent=378"}],"curies":[{"name":"wp","href":"https:\/\/api.w.org\/{rel}","templated":true}]}}